{"id":8,"date":"2022-03-09T20:16:59","date_gmt":"2022-03-09T20:16:59","guid":{"rendered":"https:\/\/maf.invictus-asso.fr\/index.php\/maison-accueil-familial-zotkaz\/"},"modified":"2024-09-07T06:59:23","modified_gmt":"2024-09-07T06:59:23","slug":"maison-accueil-familial-zotkaz","status":"publish","type":"page","link":"https:\/\/maf.invictus-asso.fr\/index.php\/maison-accueil-familial-zotkaz\/","title":{"rendered":"MAF ZotKaz"},"content":{"rendered":"<p>EN ATTENTE<\/p>\n\n\n<div class=\"wp-block-uagb-container uagb-block-jowj2jlt alignfull uagb-is-root-container\"><div class=\"uagb-container-inner-blocks-wrap\">\n<div class=\"wp-block-uagb-info-box uagb-block-da0tcdmt uagb-infobox__content-wrap  uagb-infobox-icon-above-title uagb-infobox-image-valign-top\"><div class=\"uagb-ifb-content\"><div class=\"uagb-ifb-title-wrap\"><h2 class=\"uagb-ifb-title\">ZOTKAZ<\/h2><\/div><p class=\"uagb-ifb-desc\">ZOTKAZ est le second projet des Maisons d&rsquo;Accueil Familial de l&rsquo;association Invictus S&amp;A, actuellement en phase de pr\u00e9paration. Ce projet a pour ambition de cr\u00e9er un nouvel espace de vie et de soutien pour les personnes en situation de vuln\u00e9rabilit\u00e9, en s&rsquo;appuyant sur l&rsquo;expertise et les valeurs qui ont fait le succ\u00e8s des MAF.<br><strong>Objectifs :<\/strong><br>ZOTKAZ vise \u00e0 offrir un environnement s\u00e9curis\u00e9 et convivial, similaire aux MAF existantes, mais avec une attention particuli\u00e8re aux besoins sp\u00e9cifiques identifi\u00e9s \u00e0 la REUNION. Ce projet se distingue par son approche innovante et son engagement envers l&rsquo;autonomie des r\u00e9sidents.<br><strong>Phases de D\u00e9veloppement :<\/strong><br>Le projet est en attente de financement et de soutien logistique, mais les plans sont d\u00e9j\u00e0 bien avanc\u00e9s. D\u00e8s que les ressources seront r\u00e9unies, la construction d\u00e9butera, avec l&rsquo;espoir d&rsquo;ouvrir les portes de ZOTKAZ dans un avenir proche.<br><strong>Conclusion :<\/strong><br>ZOTKAZ repr\u00e9sente une nouvelle \u00e9tape dans l&rsquo;engagement de l&rsquo;association Invictus S&amp;A \u00e0 promouvoir l&rsquo;inclusion et l&rsquo;autonomie des personnes vuln\u00e9rables. En offrant une nouvelle maison d&rsquo;accueil, nous renfor\u00e7ons notre mission de solidarit\u00e9 et de soutien communautaire.<\/p><\/div><\/div>\n\n\n\n<div class=\"wp-block-uagb-image alignleft uagb-block-rmkccqpg wp-block-uagb-image--layout-default wp-block-uagb-image--effect-static wp-block-uagb-image--align-left\"><figure class=\"wp-block-uagb-image__figure\"><img loading=\"lazy\" decoding=\"async\" srcset=\"https:\/\/maf.invictus-asso.fr\/wp-content\/uploads\/2024\/09\/natures-02.jpg ,https:\/\/maf.invictus-asso.fr\/wp-content\/uploads\/2024\/09\/natures-02.jpg 780w\" sizes=\"auto, (max-width: 480px) 150px\" src=\"https:\/\/maf.invictus-asso.fr\/wp-content\/uploads\/2024\/09\/natures-02.jpg\" alt=\"\" class=\"uag-image-80574\" width=\"564\" height=\"450\" title=\"\" loading=\"lazy\" role=\"img\"\/><\/figure><\/div>\n<\/div><\/div>\n","protected":false},"excerpt":{"rendered":"<p>EN ATTENTE<\/p>\n","protected":false},"author":1,"featured_media":0,"parent":0,"menu_order":0,"comment_status":"closed","ping_status":"closed","template":"","meta":{"_crdt_document":"","_uag_custom_page_level_css":"","site-sidebar-layout":"default","site-content-layout":"","ast-site-content-layout":"default","site-content-style":"default","site-sidebar-style":"default","ast-global-header-display":"","ast-banner-title-visibility":"","ast-main-header-display":"","ast-hfb-above-header-display":"","ast-hfb-below-header-display":"","ast-hfb-mobile-header-display":"","site-post-title":"","ast-breadcrumbs-content":"","ast-featured-img":"","footer-sml-layout":"","ast-disable-related-posts":"","theme-transparent-header-meta":"","adv-header-id-meta":"","stick-header-meta":"","header-above-stick-meta":"","header-main-stick-meta":"","header-below-stick-meta":"","astra-migrate-meta-layouts":"default","ast-page-background-enabled":"default","ast-page-background-meta":{"desktop":{"background-color":"var(--ast-global-color-4)","background-image":"","background-repeat":"repeat","background-position":"center center","background-size":"auto","background-attachment":"scroll","background-type":"","background-media":"","overlay-type":"","overlay-color":"","overlay-opacity":"","overlay-gradient":""},"tablet":{"background-color":"","background-image":"","background-repeat":"repeat","background-position":"center center","background-size":"auto","background-attachment":"scroll","background-type":"","background-media":"","overlay-type":"","overlay-color":"","overlay-opacity":"","overlay-gradient":""},"mobile":{"background-color":"","background-image":"","background-repeat":"repeat","background-position":"center center","background-size":"auto","background-attachment":"scroll","background-type":"","background-media":"","overlay-type":"","overlay-color":"","overlay-opacity":"","overlay-gradient":""}},"ast-content-background-meta":{"desktop":{"background-color":"var(--ast-global-color-5)","background-image":"","background-repeat":"repeat","background-position":"center center","background-size":"auto","background-attachment":"scroll","background-type":"","background-media":"","overlay-type":"","overlay-color":"","overlay-opacity":"","overlay-gradient":""},"tablet":{"background-color":"var(--ast-global-color-5)","background-image":"","background-repeat":"repeat","background-position":"center center","background-size":"auto","background-attachment":"scroll","background-type":"","background-media":"","overlay-type":"","overlay-color":"","overlay-opacity":"","overlay-gradient":""},"mobile":{"background-color":"var(--ast-global-color-5)","background-image":"","background-repeat":"repeat","background-position":"center center","background-size":"auto","background-attachment":"scroll","background-type":"","background-media":"","overlay-type":"","overlay-color":"","overlay-opacity":"","overlay-gradient":""}},"footnotes":""},"class_list":["post-8","page","type-page","status-publish","hentry"],"aioseo_notices":[],"uagb_featured_image_src":{"full":false,"thumbnail":false,"medium":false,"medium_large":false,"large":false,"1536x1536":false,"2048x2048":false,"woocommerce_thumbnail":false,"woocommerce_single":false,"woocommerce_gallery_thumbnail":false},"uagb_author_info":{"display_name":"admin","author_link":"https:\/\/maf.invictus-asso.fr\/index.php\/author\/alladin\/"},"uagb_comment_info":0,"uagb_excerpt":"EN ATTENTE","_links":{"self":[{"href":"https:\/\/maf.invictus-asso.fr\/index.php\/wp-json\/wp\/v2\/pages\/8","targetHints":{"allow":["GET"]}}],"collection":[{"href":"https:\/\/maf.invictus-asso.fr\/index.php\/wp-json\/wp\/v2\/pages"}],"about":[{"href":"https:\/\/maf.invictus-asso.fr\/index.php\/wp-json\/wp\/v2\/types\/page"}],"author":[{"embeddable":true,"href":"https:\/\/maf.invictus-asso.fr\/index.php\/wp-json\/wp\/v2\/users\/1"}],"replies":[{"embeddable":true,"href":"https:\/\/maf.invictus-asso.fr\/index.php\/wp-json\/wp\/v2\/comments?post=8"}],"version-history":[{"count":3,"href":"https:\/\/maf.invictus-asso.fr\/index.php\/wp-json\/wp\/v2\/pages\/8\/revisions"}],"predecessor-version":[{"id":2618,"href":"https:\/\/maf.invictus-asso.fr\/index.php\/wp-json\/wp\/v2\/pages\/8\/revisions\/2618"}],"wp:attachment":[{"href":"https:\/\/maf.invictus-asso.fr\/index.php\/wp-json\/wp\/v2\/media?parent=8"}],"curies":[{"name":"wp","href":"https:\/\/api.w.org\/{rel}","templated":true}]}}