{"id":2502,"date":"2024-09-07T03:52:50","date_gmt":"2021-02-26T11:05:31","guid":{"rendered":""},"modified":"2024-09-07T11:23:24","modified_gmt":"2024-09-07T11:23:24","slug":"avis","status":"publish","type":"page","link":"https:\/\/maf.invictus-asso.fr\/index.php\/avis\/","title":{"rendered":"Avis"},"content":{"rendered":"\n<div class=\"wp-block-columns is-layout-flex wp-container-core-columns-is-layout-7387b849 wp-block-columns-is-layout-flex\">\n<div class=\"wp-block-column is-layout-flow wp-block-column-is-layout-flow\">\n<blockquote class=\"wp-block-quote is-style-large is-layout-flow wp-block-quote-is-layout-flow\">\n<p class=\"wp-block-paragraph\">MAF les oliviers a offert \u00e0 notre p\u00e8re un cadre de vie serein et adapt\u00e9 \u00e0 ses besoins<\/p>\n<cite>P M, Fils Accueilli<\/cite><\/blockquote>\n<\/div>\n\n\n\n<div class=\"wp-block-column is-layout-flow wp-block-column-is-layout-flow\" style=\"flex-basis:33%\">\n<figure class=\"wp-block-image size-large is-resized is-style-rounded\"><img fetchpriority=\"high\" decoding=\"async\" width=\"800\" height=\"800\" src=\"https:\/\/maf.invictus-asso.fr\/wp-content\/uploads\/2021\/02\/demo-man-3.png\" alt=\"\" class=\"wp-image-2120\" style=\"width:200px;height:200px\" srcset=\"https:\/\/maf.invictus-asso.fr\/wp-content\/uploads\/2021\/02\/demo-man-3.png 800w, https:\/\/maf.invictus-asso.fr\/wp-content\/uploads\/2021\/02\/demo-man-3-300x300.png 300w, https:\/\/maf.invictus-asso.fr\/wp-content\/uploads\/2021\/02\/demo-man-3-150x150.png 150w, https:\/\/maf.invictus-asso.fr\/wp-content\/uploads\/2021\/02\/demo-man-3-768x768.png 768w, https:\/\/maf.invictus-asso.fr\/wp-content\/uploads\/2021\/02\/demo-man-3-600x600.png 600w, https:\/\/maf.invictus-asso.fr\/wp-content\/uploads\/2021\/02\/demo-man-3-100x100.png 100w\" sizes=\"(max-width: 800px) 100vw, 800px\" \/><\/figure>\n<\/div>\n<\/div>\n\n\n\n<div class=\"wp-block-columns is-layout-flex wp-container-core-columns-is-layout-7387b849 wp-block-columns-is-layout-flex\">\n<div class=\"wp-block-column is-layout-flow wp-block-column-is-layout-flow\" style=\"flex-basis:33%\">\n<figure class=\"wp-block-image size-large is-style-rounded\"><img decoding=\"async\" width=\"800\" height=\"800\" src=\"https:\/\/maf.invictus-asso.fr\/wp-content\/uploads\/2021\/02\/demo-woman-3.png\" alt=\"\" class=\"wp-image-2126\" srcset=\"https:\/\/maf.invictus-asso.fr\/wp-content\/uploads\/2021\/02\/demo-woman-3.png 800w, https:\/\/maf.invictus-asso.fr\/wp-content\/uploads\/2021\/02\/demo-woman-3-300x300.png 300w, https:\/\/maf.invictus-asso.fr\/wp-content\/uploads\/2021\/02\/demo-woman-3-150x150.png 150w, https:\/\/maf.invictus-asso.fr\/wp-content\/uploads\/2021\/02\/demo-woman-3-768x768.png 768w, https:\/\/maf.invictus-asso.fr\/wp-content\/uploads\/2021\/02\/demo-woman-3-600x600.png 600w, https:\/\/maf.invictus-asso.fr\/wp-content\/uploads\/2021\/02\/demo-woman-3-100x100.png 100w\" sizes=\"(max-width: 800px) 100vw, 800px\" \/><\/figure>\n<\/div>\n\n\n\n<div class=\"wp-block-column is-layout-flow wp-block-column-is-layout-flow\">\n<blockquote class=\"wp-block-quote is-layout-flow wp-block-quote-is-layout-flow\">\n<p class=\"wp-block-paragraph\">Depuis que notre Maman y est h\u00e9berg\u00e9e, on est rassur\u00e9e sur elle et \u00e0 chaque visite on est rassur\u00e9e encore plus<br>tout le temps la maison est propres les dames sont sympas et d\u00e9vou\u00e9e<\/p>\n<cite>SF, Fille Accueilli <\/cite><\/blockquote>\n<\/div>\n<\/div>\n\n\n\n<div class=\"wp-block-columns is-layout-flex wp-container-core-columns-is-layout-7387b849 wp-block-columns-is-layout-flex\">\n<div class=\"wp-block-column is-layout-flow wp-block-column-is-layout-flow\">\n<blockquote class=\"wp-block-quote is-style-large is-layout-flow wp-block-quote-is-layout-flow\">\n<p class=\"wp-block-paragraph\">Je me sens en s\u00e9curit\u00e9 et entour\u00e9 de personnes bienveillantes, j\u2019ai prie le temps de grandir et ici je prend le temps de vieillir<\/p>\n<cite>J-P P, Accueilli <\/cite><\/blockquote>\n<\/div>\n\n\n\n<div class=\"wp-block-column is-layout-flow wp-block-column-is-layout-flow\" style=\"flex-basis:33%\">\n<figure class=\"wp-block-image size-large is-style-rounded\"><img decoding=\"async\" width=\"800\" height=\"800\" src=\"https:\/\/maf.invictus-asso.fr\/wp-content\/uploads\/2021\/02\/demo-man-4.png\" alt=\"\" class=\"wp-image-2127\" srcset=\"https:\/\/maf.invictus-asso.fr\/wp-content\/uploads\/2021\/02\/demo-man-4.png 800w, https:\/\/maf.invictus-asso.fr\/wp-content\/uploads\/2021\/02\/demo-man-4-300x300.png 300w, https:\/\/maf.invictus-asso.fr\/wp-content\/uploads\/2021\/02\/demo-man-4-150x150.png 150w, https:\/\/maf.invictus-asso.fr\/wp-content\/uploads\/2021\/02\/demo-man-4-768x768.png 768w, https:\/\/maf.invictus-asso.fr\/wp-content\/uploads\/2021\/02\/demo-man-4-600x600.png 600w, https:\/\/maf.invictus-asso.fr\/wp-content\/uploads\/2021\/02\/demo-man-4-100x100.png 100w\" sizes=\"(max-width: 800px) 100vw, 800px\" \/><\/figure>\n<\/div>\n<\/div>\n\n\n\n<div class=\"wp-block-columns is-layout-flex wp-container-core-columns-is-layout-7387b849 wp-block-columns-is-layout-flex\">\n<div class=\"wp-block-column is-layout-flow wp-block-column-is-layout-flow\" style=\"flex-basis:33%\">\n<figure class=\"wp-block-image size-large is-style-rounded\"><img loading=\"lazy\" decoding=\"async\" width=\"800\" height=\"800\" src=\"https:\/\/maf.invictus-asso.fr\/wp-content\/uploads\/2021\/02\/demo-woman-2.png\" alt=\"\" class=\"wp-image-2128\" srcset=\"https:\/\/maf.invictus-asso.fr\/wp-content\/uploads\/2021\/02\/demo-woman-2.png 800w, https:\/\/maf.invictus-asso.fr\/wp-content\/uploads\/2021\/02\/demo-woman-2-300x300.png 300w, https:\/\/maf.invictus-asso.fr\/wp-content\/uploads\/2021\/02\/demo-woman-2-150x150.png 150w, https:\/\/maf.invictus-asso.fr\/wp-content\/uploads\/2021\/02\/demo-woman-2-768x768.png 768w, https:\/\/maf.invictus-asso.fr\/wp-content\/uploads\/2021\/02\/demo-woman-2-600x600.png 600w, https:\/\/maf.invictus-asso.fr\/wp-content\/uploads\/2021\/02\/demo-woman-2-100x100.png 100w\" sizes=\"(max-width: 800px) 100vw, 800px\" \/><\/figure>\n<\/div>\n\n\n\n<div class=\"wp-block-column is-layout-flow wp-block-column-is-layout-flow\">\n<blockquote class=\"wp-block-quote is-layout-flow wp-block-quote-is-layout-flow\">\n<p class=\"wp-block-paragraph\">Depuis que j &lsquo;ai rendu visite \u00e0 ma famille \u00e0 la MAF des OLIVIERS, j&rsquo;ai inscrit ma maman dans la liste d&rsquo;attente.<\/p>\n\n\n\n<p class=\"wp-block-paragraph\">Actuellement \u00e0 l&rsquo;HEPAD, mais \u00e0 la MAF c&rsquo;est familial chaleureux et au petit soins<\/p>\n<cite>Mme, Famille Accueilli<\/cite><\/blockquote>\n<\/div>\n<\/div>\n","protected":false},"excerpt":{"rendered":"<p>MAF les oliviers a offert \u00e0 notre p\u00e8re un cadre de vie serein et adapt\u00e9 \u00e0 ses besoins Depuis que notre Maman y est h\u00e9berg\u00e9e, on est rassur\u00e9e sur elle et \u00e0 chaque visite on est rassur\u00e9e encore plustout le temps la maison est propres les dames sont sympas et d\u00e9vou\u00e9e Je me sens en [&hellip;]<\/p>\n","protected":false},"author":1,"featured_media":0,"parent":0,"menu_order":0,"comment_status":"closed","ping_status":"closed","template":"","meta":{"_crdt_document":"","_uag_custom_page_level_css":"","site-sidebar-layout":"default","site-content-layout":"","ast-site-content-layout":"default","site-content-style":"default","site-sidebar-style":"default","ast-global-header-display":"","ast-banner-title-visibility":"","ast-main-header-display":"","ast-hfb-above-header-display":"","ast-hfb-below-header-display":"","ast-hfb-mobile-header-display":"","site-post-title":"","ast-breadcrumbs-content":"","ast-featured-img":"","footer-sml-layout":"","ast-disable-related-posts":"","theme-transparent-header-meta":"","adv-header-id-meta":"","stick-header-meta":"","header-above-stick-meta":"","header-main-stick-meta":"","header-below-stick-meta":"","astra-migrate-meta-layouts":"default","ast-page-background-enabled":"default","ast-page-background-meta":{"desktop":{"background-color":"var(--ast-global-color-4)","background-image":"","background-repeat":"repeat","background-position":"center center","background-size":"auto","background-attachment":"scroll","background-type":"","background-media":"","overlay-type":"","overlay-color":"","overlay-opacity":"","overlay-gradient":""},"tablet":{"background-color":"","background-image":"","background-repeat":"repeat","background-position":"center center","background-size":"auto","background-attachment":"scroll","background-type":"","background-media":"","overlay-type":"","overlay-color":"","overlay-opacity":"","overlay-gradient":""},"mobile":{"background-color":"","background-image":"","background-repeat":"repeat","background-position":"center center","background-size":"auto","background-attachment":"scroll","background-type":"","background-media":"","overlay-type":"","overlay-color":"","overlay-opacity":"","overlay-gradient":""}},"ast-content-background-meta":{"desktop":{"background-color":"var(--ast-global-color-5)","background-image":"","background-repeat":"repeat","background-position":"center center","background-size":"auto","background-attachment":"scroll","background-type":"","background-media":"","overlay-type":"","overlay-color":"","overlay-opacity":"","overlay-gradient":""},"tablet":{"background-color":"var(--ast-global-color-5)","background-image":"","background-repeat":"repeat","background-position":"center center","background-size":"auto","background-attachment":"scroll","background-type":"","background-media":"","overlay-type":"","overlay-color":"","overlay-opacity":"","overlay-gradient":""},"mobile":{"background-color":"var(--ast-global-color-5)","background-image":"","background-repeat":"repeat","background-position":"center center","background-size":"auto","background-attachment":"scroll","background-type":"","background-media":"","overlay-type":"","overlay-color":"","overlay-opacity":"","overlay-gradient":""}},"footnotes":""},"class_list":["post-2502","page","type-page","status-publish","hentry"],"aioseo_notices":[],"uagb_featured_image_src":{"full":false,"thumbnail":false,"medium":false,"medium_large":false,"large":false,"1536x1536":false,"2048x2048":false,"woocommerce_thumbnail":false,"woocommerce_single":false,"woocommerce_gallery_thumbnail":false},"uagb_author_info":{"display_name":"admin","author_link":"https:\/\/maf.invictus-asso.fr\/index.php\/author\/alladin\/"},"uagb_comment_info":0,"uagb_excerpt":"MAF les oliviers a offert \u00e0 notre p\u00e8re un cadre de vie serein et adapt\u00e9 \u00e0 ses besoins Depuis que notre Maman y est h\u00e9berg\u00e9e, on est rassur\u00e9e sur elle et \u00e0 chaque visite on est rassur\u00e9e encore plustout le temps la maison est propres les dames sont sympas et d\u00e9vou\u00e9e Je me sens en\u2026","_links":{"self":[{"href":"https:\/\/maf.invictus-asso.fr\/index.php\/wp-json\/wp\/v2\/pages\/2502","targetHints":{"allow":["GET"]}}],"collection":[{"href":"https:\/\/maf.invictus-asso.fr\/index.php\/wp-json\/wp\/v2\/pages"}],"about":[{"href":"https:\/\/maf.invictus-asso.fr\/index.php\/wp-json\/wp\/v2\/types\/page"}],"author":[{"embeddable":true,"href":"https:\/\/maf.invictus-asso.fr\/index.php\/wp-json\/wp\/v2\/users\/1"}],"replies":[{"embeddable":true,"href":"https:\/\/maf.invictus-asso.fr\/index.php\/wp-json\/wp\/v2\/comments?post=2502"}],"version-history":[{"count":3,"href":"https:\/\/maf.invictus-asso.fr\/index.php\/wp-json\/wp\/v2\/pages\/2502\/revisions"}],"predecessor-version":[{"id":2741,"href":"https:\/\/maf.invictus-asso.fr\/index.php\/wp-json\/wp\/v2\/pages\/2502\/revisions\/2741"}],"wp:attachment":[{"href":"https:\/\/maf.invictus-asso.fr\/index.php\/wp-json\/wp\/v2\/media?parent=2502"}],"curies":[{"name":"wp","href":"https:\/\/api.w.org\/{rel}","templated":true}]}}